{"id":638,"date":"2021-01-11T11:34:30","date_gmt":"2021-01-11T10:34:30","guid":{"rendered":"https:\/\/kramershome.com\/?page_id=638"},"modified":"2022-01-03T17:30:54","modified_gmt":"2022-01-03T16:30:54","slug":"impressum","status":"publish","type":"page","link":"https:\/\/kramershome.com\/ru\/impressum\/","title":{"rendered":"Impressum"},"content":{"rendered":"\t\t<div data-elementor-type=\"wp-page\" data-elementor-id=\"638\" data-post-id=\"638\" data-obj-id=\"638\" class=\"elementor elementor-638 dce-elementor-post-638\" data-elementor-settings=\"[]\">\n\t\t\t\t\t\t<div class=\"elementor-inner\">\n\t\t\t\t\t\t\t<div class=\"elementor-section-wrap\">\n\t\t\t\t\t\t\t<section class=\"elementor-section elementor-top-section elementor-element elementor-element-00a8492 elementor-section-boxed elementor-section-height-default elementor-section-height-default\" data-id=\"00a8492\" data-element_type=\"section\">\n\t\t\t\t\t\t<div class=\"elementor-container elementor-column-gap-default\">\n\t\t\t\t\t\t\t<div class=\"elementor-row\">\n\t\t\t\t\t<div class=\"elementor-column elementor-col-100 elementor-top-column elementor-element elementor-element-5dc04f8\" data-id=\"5dc04f8\" data-element_type=\"column\">\n\t\t\t<div class=\"elementor-column-wrap elementor-element-populated\">\n\t\t\t\t\t\t\t<div class=\"elementor-widget-wrap\">\n\t\t\t\t\t\t<div class=\"elementor-element elementor-element-46f5810 elementor-widget elementor-widget-spacer\" data-id=\"46f5810\" data-element_type=\"widget\" data-widget_type=\"spacer.default\">\n\t\t\t\t<div class=\"elementor-widget-container\">\n\t\t\t\t\t<div class=\"elementor-spacer\">\n\t\t\t<div class=\"elementor-spacer-inner\"><\/div>\n\t\t<\/div>\n\t\t\t\t<\/div>\n\t\t\t\t<\/div>\n\t\t\t\t<div class=\"elementor-element elementor-element-3ef3a75 elementor-widget elementor-widget-heading\" data-id=\"3ef3a75\" data-element_type=\"widget\" data-widget_type=\"heading.default\">\n\t\t\t\t<div class=\"elementor-widget-container\">\n\t\t\t<h1 class=\"elementor-heading-title elementor-size-default\">Impressum<\/h1>\t\t<\/div>\n\t\t\t\t<\/div>\n\t\t\t\t<div class=\"elementor-element elementor-element-f2eeed8 elementor-widget elementor-widget-text-editor\" data-id=\"f2eeed8\" data-element_type=\"widget\" data-widget_type=\"text-editor.default\">\n\t\t\t\t<div class=\"elementor-widget-container\">\n\t\t\t\t\t\t\t\t<div class=\"elementor-text-editor elementor-clearfix\">\n\t\t\t\t<h3>Kontakt-Adresse<\/h3>\n<p>Olga &amp; Marcel Kramer<br>5243 M\u00fclligen<br><\/p><p>E-Mail: info@kramershome.com<\/p>\n<p><\/p>\n<h3>Haftungsausschluss<\/h3>\n<p>Der Autor \u00fcbernimmt keinerlei Gew\u00e4hr hinsichtlich der inhaltlichen Richtigkeit, Genauigkeit, Aktualit\u00e4t, Zuverl\u00e4ssigkeit und Vollst\u00e4ndigkeit der Informationen.<\/p>\n<p>Haftungsanspr\u00fcche gegen den Autor wegen Sch\u00e4den materieller oder immaterieller Art, welche aus dem Zugriff oder der Nutzung bzw. Nichtnutzung der ver\u00f6ffentlichten Informationen, durch Missbrauch der Verbindung oder durch technische St\u00f6rungen entstanden sind, werden ausgeschlossen.<\/p>\n<p>Alle Angebote sind unverbindlich. Der Autor beh\u00e4lt es sich ausdr\u00fccklich vor, Teile der Seiten oder das gesamte Angebot ohne besondere Ank\u00fcndigung zu ver\u00e4ndern, zu erg\u00e4nzen, zu l\u00f6schen oder die Ver\u00f6ffentlichung zeitweise oder endg\u00fcltig einzustellen.<\/p>\n<h3>Haftungsausschluss f\u00fcr Links<\/h3>\n<p>Verweise und Links auf Webseiten Dritter liegen ausserhalb unseres Verantwortungsbereichs. Es wird jegliche Verantwortung f\u00fcr solche Webseiten abgelehnt. Der Zugriff und die Nutzung solcher Webseiten erfolgen auf eigene Gefahr des jeweiligen Nutzers.<\/p>\n<h3>Urheberrechte<\/h3>\n<p>Die Urheber- und alle anderen Rechte an Inhalten, Bildern, Fotos oder anderen Dateien auf dieser Website, geh\u00f6ren ausschliesslich Olga &amp; Marcel Kramer oder den speziell genannten Rechteinhabern. F\u00fcr die Reproduktion jeglicher Elemente ist die schriftliche Zustimmung des Urheberrechtstr\u00e4gers im Voraus einzuholen.<\/p>\t\t\t\t\t<\/div>\n\t\t\t\t\t\t<\/div>\n\t\t\t\t<\/div>\n\t\t\t\t<div class=\"elementor-element elementor-element-50383d5 elementor-widget elementor-widget-text-editor\" data-id=\"50383d5\" data-element_type=\"widget\" data-widget_type=\"text-editor.default\">\n\t\t\t\t<div class=\"elementor-widget-container\">\n\t\t\t\t\t\t\t\t<div class=\"elementor-text-editor elementor-clearfix\">\n\t\t\t\tQuelle: <span style=\"color: #808080;\"><a style=\"color: #808080;\" href=\"https:\/\/www.swissanwalt.ch\" target=\"_blank\" rel=\"nofollow noopener\">SwissAnwalt<\/a><\/span>\t\t\t\t\t<\/div>\n\t\t\t\t\t\t<\/div>\n\t\t\t\t<\/div>\n\t\t\t\t\t\t<\/div>\n\t\t\t\t\t<\/div>\n\t\t<\/div>\n\t\t\t\t\t\t\t\t<\/div>\n\t\t\t\t\t<\/div>\n\t\t<\/section>\n\t\t\t\t\t\t<\/div>\n\t\t\t\t\t\t<\/div>\n\t\t\t\t\t<\/div>\n\t\t","protected":false},"excerpt":{"rendered":"<p>Impressum Kontakt-Adresse Olga &amp; Marcel Kramer 5243 M\u00fclligen E-Mail: info@kramershome.com Haftungsausschluss Der Autor \u00fcbernimmt keinerlei Gew\u00e4hr hinsichtlich der inhaltlichen Richtigkeit, Genauigkeit, Aktualit\u00e4t, Zuverl\u00e4ssigkeit und Vollst\u00e4ndigkeit der Informationen. Haftungsanspr\u00fcche gegen den Autor wegen Sch\u00e4den materieller oder immaterieller Art, welche aus dem Zugriff oder der Nutzung bzw. Nichtnutzung der ver\u00f6ffentlichten Informationen, durch Missbrauch der Verbindung oder durch [&hellip;]<\/p>\n","protected":false},"author":1,"featured_media":0,"parent":0,"menu_order":0,"comment_status":"closed","ping_status":"closed","template":"","meta":[],"acf":[],"yoast_head":"<!-- This site is optimized with the Yoast SEO plugin v17.9 - https:\/\/yoast.com\/wordpress\/plugins\/seo\/ -->\n<title>Impressum | Kramers Home<\/title>\n<meta name=\"robots\" content=\"noindex, nofollow\" \/>\n<meta property=\"og:locale\" content=\"ru_RU\" \/>\n<meta property=\"og:type\" content=\"article\" \/>\n<meta property=\"og:title\" content=\"Impressum | Kramers Home\" \/>\n<meta property=\"og:description\" content=\"Impressum Kontakt-Adresse Olga &amp; Marcel Kramer 5243 M\u00fclligen E-Mail: info@kramershome.com Haftungsausschluss Der Autor \u00fcbernimmt keinerlei Gew\u00e4hr hinsichtlich der inhaltlichen Richtigkeit, Genauigkeit, Aktualit\u00e4t, Zuverl\u00e4ssigkeit und Vollst\u00e4ndigkeit der Informationen. Haftungsanspr\u00fcche gegen den Autor wegen Sch\u00e4den materieller oder immaterieller Art, welche aus dem Zugriff oder der Nutzung bzw. Nichtnutzung der ver\u00f6ffentlichten Informationen, durch Missbrauch der Verbindung oder durch [&hellip;]\" \/>\n<meta property=\"og:url\" content=\"https:\/\/kramershome.com\/ru\/impressum\/\" \/>\n<meta property=\"og:site_name\" content=\"Kramers Home\" \/>\n<meta property=\"article:modified_time\" content=\"2022-01-03T16:30:54+00:00\" \/>\n<meta name=\"twitter:card\" content=\"summary_large_image\" \/>\n<meta name=\"twitter:label1\" content=\"\u041f\u0440\u0438\u043c\u0435\u0440\u043d\u043e\u0435 \u0432\u0440\u0435\u043c\u044f \u0434\u043b\u044f \u0447\u0442\u0435\u043d\u0438\u044f\" \/>\n\t<meta name=\"twitter:data1\" content=\"1 \u043c\u0438\u043d\u0443\u0442\u0430\" \/>\n<script type=\"application\/ld+json\" class=\"yoast-schema-graph\">{\"@context\":\"https:\/\/schema.org\",\"@graph\":[{\"@type\":\"WebSite\",\"@id\":\"https:\/\/kramershome.com\/#website\",\"url\":\"https:\/\/kramershome.com\/\",\"name\":\"Kramers Home\",\"description\":\"Ihr Zuhause in Karelien\",\"potentialAction\":[{\"@type\":\"SearchAction\",\"target\":{\"@type\":\"EntryPoint\",\"urlTemplate\":\"https:\/\/kramershome.com\/?s={search_term_string}\"},\"query-input\":\"required name=search_term_string\"}],\"inLanguage\":\"ru-RU\"},{\"@type\":\"WebPage\",\"@id\":\"https:\/\/kramershome.com\/ru\/impressum\/#webpage\",\"url\":\"https:\/\/kramershome.com\/ru\/impressum\/\",\"name\":\"Impressum | Kramers Home\",\"isPartOf\":{\"@id\":\"https:\/\/kramershome.com\/#website\"},\"datePublished\":\"2021-01-11T10:34:30+00:00\",\"dateModified\":\"2022-01-03T16:30:54+00:00\",\"breadcrumb\":{\"@id\":\"https:\/\/kramershome.com\/ru\/impressum\/#breadcrumb\"},\"inLanguage\":\"ru-RU\",\"potentialAction\":[{\"@type\":\"ReadAction\",\"target\":[\"https:\/\/kramershome.com\/ru\/impressum\/\"]}]},{\"@type\":\"BreadcrumbList\",\"@id\":\"https:\/\/kramershome.com\/ru\/impressum\/#breadcrumb\",\"itemListElement\":[{\"@type\":\"ListItem\",\"position\":1,\"name\":\"Startseite\",\"item\":\"https:\/\/kramershome.com\/ru\/kramers-home\/\"},{\"@type\":\"ListItem\",\"position\":2,\"name\":\"Impressum\"}]}]}<\/script>\n<!-- \/ Yoast SEO plugin. -->","yoast_head_json":{"title":"Impressum | Kramers Home","robots":{"index":"noindex","follow":"nofollow"},"og_locale":"ru_RU","og_type":"article","og_title":"Impressum | Kramers Home","og_description":"Impressum Kontakt-Adresse Olga &amp; Marcel Kramer 5243 M\u00fclligen E-Mail: info@kramershome.com Haftungsausschluss Der Autor \u00fcbernimmt keinerlei Gew\u00e4hr hinsichtlich der inhaltlichen Richtigkeit, Genauigkeit, Aktualit\u00e4t, Zuverl\u00e4ssigkeit und Vollst\u00e4ndigkeit der Informationen. Haftungsanspr\u00fcche gegen den Autor wegen Sch\u00e4den materieller oder immaterieller Art, welche aus dem Zugriff oder der Nutzung bzw. Nichtnutzung der ver\u00f6ffentlichten Informationen, durch Missbrauch der Verbindung oder durch [&hellip;]","og_url":"https:\/\/kramershome.com\/ru\/impressum\/","og_site_name":"Kramers Home","article_modified_time":"2022-01-03T16:30:54+00:00","twitter_card":"summary_large_image","twitter_misc":{"\u041f\u0440\u0438\u043c\u0435\u0440\u043d\u043e\u0435 \u0432\u0440\u0435\u043c\u044f \u0434\u043b\u044f \u0447\u0442\u0435\u043d\u0438\u044f":"1 \u043c\u0438\u043d\u0443\u0442\u0430"},"schema":{"@context":"https:\/\/schema.org","@graph":[{"@type":"WebSite","@id":"https:\/\/kramershome.com\/#website","url":"https:\/\/kramershome.com\/","name":"Kramers Home","description":"Ihr Zuhause in Karelien","potentialAction":[{"@type":"SearchAction","target":{"@type":"EntryPoint","urlTemplate":"https:\/\/kramershome.com\/?s={search_term_string}"},"query-input":"required name=search_term_string"}],"inLanguage":"ru-RU"},{"@type":"WebPage","@id":"https:\/\/kramershome.com\/ru\/impressum\/#webpage","url":"https:\/\/kramershome.com\/ru\/impressum\/","name":"Impressum | Kramers Home","isPartOf":{"@id":"https:\/\/kramershome.com\/#website"},"datePublished":"2021-01-11T10:34:30+00:00","dateModified":"2022-01-03T16:30:54+00:00","breadcrumb":{"@id":"https:\/\/kramershome.com\/ru\/impressum\/#breadcrumb"},"inLanguage":"ru-RU","potentialAction":[{"@type":"ReadAction","target":["https:\/\/kramershome.com\/ru\/impressum\/"]}]},{"@type":"BreadcrumbList","@id":"https:\/\/kramershome.com\/ru\/impressum\/#breadcrumb","itemListElement":[{"@type":"ListItem","position":1,"name":"Startseite","item":"https:\/\/kramershome.com\/ru\/kramers-home\/"},{"@type":"ListItem","position":2,"name":"Impressum"}]}]}},"_links":{"self":[{"href":"https:\/\/kramershome.com\/ru\/wp-json\/wp\/v2\/pages\/638"}],"collection":[{"href":"https:\/\/kramershome.com\/ru\/wp-json\/wp\/v2\/pages"}],"about":[{"href":"https:\/\/kramershome.com\/ru\/wp-json\/wp\/v2\/types\/page"}],"author":[{"embeddable":true,"href":"https:\/\/kramershome.com\/ru\/wp-json\/wp\/v2\/users\/1"}],"replies":[{"embeddable":true,"href":"https:\/\/kramershome.com\/ru\/wp-json\/wp\/v2\/comments?post=638"}],"version-history":[{"count":41,"href":"https:\/\/kramershome.com\/ru\/wp-json\/wp\/v2\/pages\/638\/revisions"}],"predecessor-version":[{"id":1500,"href":"https:\/\/kramershome.com\/ru\/wp-json\/wp\/v2\/pages\/638\/revisions\/1500"}],"wp:attachment":[{"href":"https:\/\/kramershome.com\/ru\/wp-json\/wp\/v2\/media?parent=638"}],"curies":[{"name":"wp","href":"https:\/\/api.w.org\/{rel}","templated":true}]}}